{"id":987497394,"date":"2022-06-15T10:54:25","date_gmt":"2022-06-15T08:54:25","guid":{"rendered":"https:\/\/asfenterprise.it\/privacy-policy\/"},"modified":"2022-11-14T19:55:55","modified_gmt":"2022-11-14T17:55:55","slug":"privacy-policy","status":"publish","type":"page","link":"https:\/\/asfenterprise.it\/en\/privacy-policy\/","title":{"rendered":"Privacy Policy"},"content":{"rendered":"<p>[et_pb_section fb_built=&#8221;1&#8243; _builder_version=&#8221;4.16&#8243; global_colors_info=&#8221;{}&#8221;][et_pb_row _builder_version=&#8221;4.17.4&#8243; background_size=&#8221;initial&#8221; background_position=&#8221;top_left&#8221; background_repeat=&#8221;repeat&#8221; global_colors_info=&#8221;{}&#8221;][et_pb_column type=&#8221;4_4&#8243; _builder_version=&#8221;4.16&#8243; custom_padding=&#8221;|||&#8221; global_colors_info=&#8221;{}&#8221; custom_padding__hover=&#8221;|||&#8221;][et_pb_text _builder_version=&#8221;4.17.4&#8243; _module_preset=&#8221;default&#8221; global_colors_info=&#8221;{}&#8221;]<\/p>\n<p style=\"text-align: left;\"><strong>Informativa privacy<\/strong><\/p>\n<p style=\"text-align: left;\">La presente informativa \u00e8 resa ai sensi dell\u2019art. 13 Regolamento UE 2016\/679 per la protezione dei dati personali.<\/p>\n<p style=\"text-align: left;\">Il Titolare del trattamento \u00e8:<\/p>\n<p style=\"text-align: left;\"><em>A.S.F. enterprise s.r.l.<\/em><br \/><em>53034 Colle di Val d\u2019Elsa (SI) Italia<\/em><br \/><em>loc. Pian dell\u2019Olmino S.Giulia<\/em><br \/><em>Tel\u00a0\u00a0+39 0577-929224 ( 2 l.r.a. )<\/em><br \/><em>Fax. +39 0577-929154<\/em><br \/><em>infoasf@asfenterprise.com<\/em><\/p>\n<p>&nbsp;<\/p>\n<p style=\"text-align: left;\"><strong>Natura del conferimento<\/strong><\/p>\n<p style=\"text-align: left;\">Il conferimento dei dati \u00e8 facoltativo. Il rifiuto a fornire i dati comporta l\u2019impossibilit\u00e0 di essere ricontattati per le finalit\u00e0 sotto riportate. Il conferimento a fini di marketing \u00e8 facoltativo e non comporta l\u2019impossibilit\u00e0 di essere ricontattati per le altre finalit\u00e0.<\/p>\n<p style=\"text-align: left;\"><strong>Finalit\u00e0 del trattamento e base giuridica<\/strong><\/p>\n<ol style=\"text-align: left;\">\n<li>esecuzione di obblighi derivanti da contratti stipulati con il Titolare e\/o adempimento, prima della conclusione del contratto, di specifiche richieste dell\u2019Interessato;<\/li>\n<li>adempimento di obblighi previsti dalla legge, da regolamenti o dalla normativa comunitaria;<\/li>\n<\/ol>\n<p style=\"text-align: left;\">In merito alle finalit\u00e0 sub a) e b), La informiamo che il trattamento e la comunicazione dei Suoi dati personali da parte del Titolare non necessita del Suo consenso in quanto trattamento necessario per l\u2019esecuzione di obblighi derivanti dal contratto stesso e\/o per l\u2019esecuzione di prestazioni da Lei richieste prima della conclusione del contratto nonch\u00e9 per ottemperare ad obblighi di legge.<\/p>\n<p style=\"text-align: left;\"><strong>Modalit\u00e0 per il trattamento dei dati<\/strong><\/p>\n<p style=\"text-align: left;\">I dati raccolti sono trattati con strumenti informatici.<\/p>\n<p style=\"text-align: left;\">Idonee misure di sicurezza sono osservate per prevenire la perdita dei dati, usi illeciti o non corretti ed accessi non autorizzati.<\/p>\n<p style=\"text-align: left;\"><strong>Chi tratta i tuoi dati<\/strong><\/p>\n<p style=\"text-align: left;\">I trattamenti di dati personali hanno luogo presso la predetta sede e sono curati da personale incaricato.<\/p>\n<p style=\"text-align: left;\"><strong>Periodo di conservazione dei tuoi dati.<\/strong><\/p>\n<p style=\"text-align: left;\">I dati personali trattati per finalit\u00e0 contrattuali o economiche quali la fatturazione saranno trattati per i tempi obbligatori previsti dalle leggi di competenza.<\/p>\n<p style=\"text-align: left;\"><strong>Reclamo<\/strong><\/p>\n<p style=\"text-align: left;\">\u00c8 fatto salvo il diritto dell\u2019interessato di proporre reclamo all\u2019autorit\u00e0 di controllo.<\/p>\n<p style=\"text-align: left;\"><strong>Diritti degli interessati ex art 15 UE 2016\/679<\/strong><\/p>\n<p style=\"text-align: left;\">I soggetti cui si riferiscono i dati personali hanno il diritto di essere a conoscenza se sia in corso o meno un trattamento di dati personali riferiti a loro, e nel caso, di ottenere informazioni riguardanti:<\/p>\n<ul style=\"text-align: left;\">\n<li>le finalit\u00e0 del trattamento;<\/li>\n<li>le categorie dei dati in questione;<\/li>\n<li>i destinatari o le categorie di destinatari a cui i dati personali sono stati o saranno comunicati, in particolare se destinatari di paesi terzi o organizzazioni internazionali;<\/li>\n<li>quando possibile, il periodo di conservazione dei dati personali previsto oppure, se non \u00e8 possibile, i criteri utilizzati per determinare tale periodo;<\/li>\n<li>l\u2019esistenza del diritto dell\u2019interessato di chiedere al titolare del trattamento la rettifica o la cancellazione dei dati personali o la limitazione del trattamento dei dati personali che lo riguardano o di opporsi al loro trattamento;<\/li>\n<li>il diritto di proporre reclamo a un\u2019autorit\u00e0 di controllo;<\/li>\n<li>qualora i dati non siano raccolti presso l\u2019interessato, tutte le informazioni disponibili sulla loro origine;<\/li>\n<li>l\u2019esistenza di un processo decisionale automatizzato, compresa la profilazione di cui all\u2019articolo 22, paragrafi 1 e 4, e, almeno in tali casi, informazioni significative sulla logica utilizzata, nonch\u00e9 l\u2019importanza e le conseguenze previste di tale trattamento per l\u2019interessato.<\/li>\n<\/ul>\n<p style=\"text-align: left;\">Le richieste vanno rivolte all\u2019indirizzo mail o via posta ordinaria all\u2019indirizzi sopra enunciati.<\/p>\n<p>[\/et_pb_text][et_pb_text _builder_version=&#8221;4.17.4&#8243; _module_preset=&#8221;default&#8221; hover_enabled=&#8221;0&#8243; sticky_enabled=&#8221;0&#8243;]<\/p>\n<p style=\"text-align: left;\"><strong>NEWSLETTER \u201cA.S.F. Enterprise s.r.l. Toscanstucchi\u201d<\/strong><\/p>\n<p style=\"text-align: left;\">La Newsletter di \u201cA.S.F. Enterprise s.r.l. Toscanstucchi\u201d \u00e8 distribuita via e-mail &#8211; in automatico e gratuitamente &#8211; a quanti fanno richiesta di riceverla compilando il form presente in questo sito web.<\/p>\n<p style=\"text-align: left;\">I dati forniti saranno utilizzati con strumenti informatici e telematici al solo fine di fornire il servizio richiesto e, per tale ragione, saranno conservati esclusivamente per il periodo in cui lo stesso sar\u00e0 attivo. La base giuridica di tale trattamento \u00e8 da rinvenirsi nella normativa in materia di protezione dei dati personali (v., in particolare, l&#8217;art. 57, par. 1, lett. b) e d), del Regolamento (UE) 2016\/679.<\/p>\n<p style=\"text-align: left;\">Il titolare del trattamento \u00e8 <br \/>A.S.F. Enterprise s.r.l.<br \/>53034 Colle di Val d\u2019Elsa (SI) Italia<br \/>loc. Pian dell\u2019Olmino S.Giulia<br \/>Tel +39 0577-929224 ( 2 l.r.a. )<br \/>Fax. +39 0577-929154<br \/>infoasf@asfenterprise.com<br \/>Cod. Fiscale e Partita IVA n.00889490520<br \/>C.C.I.A.A. Si n. 98366 &#8211; Iscr. Reg. Trib. Siena n. 9914<\/p>\n<p style=\"text-align: left;\">I dati saranno trattati esclusivamente dal personale e dai collaboratori dell\u2019azienda o delle imprese espressamente nominate come responsabili del trattamento (ad es. per esigenze di manutenzione tecnologica del sito).<br \/>Gli interessati hanno il diritto di ottenere dall\u2019azienda, nei casi previsti, l&#8217;accesso ai dati personali e la rettifica o la cancellazione degli stessi o la limitazione del trattamento che li riguarda o di opporsi al trattamento (artt. 15 e ss. del Regolamento). L&#8217;apposita istanza deve essere presentata contattando \u201cA.S.F. Enterprise s.r.l. Toscanstucchi\u201d tramite email infoasf@asfenterprise.com.<\/p>\n<p style=\"text-align: left;\">CANCELLAZIONE DEL SERVIZIO<br \/>Per non ricevere pi\u00f9 la newsletter, fare clic sul link \u201cCancellazione dalla Newsletter\u201d presente in basso all\u2019interno di ogni newsletter ricevuta sulla propria posta elettronica.<br \/>In caso di problemi tecnici, \u00e8 possibile inviare una segnalazione e-mail a: infoasf@asfenterprise.com <\/p>\n<p style=\"text-align: left;\">[\/et_pb_text][et_pb_text _builder_version=&#8221;4.16&#8243; background_size=&#8221;initial&#8221; background_position=&#8221;top_left&#8221; background_repeat=&#8221;repeat&#8221; global_colors_info=&#8221;{}&#8221;]<script id=\"CookieDeclaration\" src=\"https:\/\/consent.cookiebot.com\/0e77f46d-f590-413a-bfcc-53e2f680fd6d\/cd.js\" type=\"text\/javascript\" async><\/script>[\/et_pb_text][\/et_pb_column][\/et_pb_row][\/et_pb_section]<\/p>\n","protected":false},"excerpt":{"rendered":"<p>Informativa privacy La presente informativa \u00e8 resa ai sensi dell\u2019art. 13 Regolamento UE 2016\/679 per la protezione dei dati personali. Il Titolare del trattamento \u00e8: A.S.F. enterprise s.r.l.53034 Colle di Val d\u2019Elsa (SI) Italialoc. Pian dell\u2019Olmino S.GiuliaTel\u00a0\u00a0+39 0577-929224 ( 2 l.r.a. )Fax. +39 0577-929154infoasf@asfenterprise.com &nbsp; Natura del conferimento Il conferimento dei dati \u00e8 facoltativo. Il rifiuto a fornire i dati comporta l\u2019impossibilit\u00e0 di essere ricontattati per le finalit\u00e0 sotto riportate. Il conferimento a fini di marketing \u00e8 facoltativo e non comporta l\u2019impossibilit\u00e0 di essere ricontattati per le altre finalit\u00e0. Finalit\u00e0 del trattamento e base giuridica esecuzione di obblighi derivanti da contratti stipulati con il Titolare e\/o adempimento, prima della conclusione del contratto, di specifiche richieste dell\u2019Interessato; adempimento di obblighi previsti dalla legge, da regolamenti o dalla normativa comunitaria; In merito alle finalit\u00e0 sub a) e b), La informiamo che il trattamento e la comunicazione dei Suoi dati personali da parte del Titolare non necessita del Suo consenso in quanto trattamento necessario per l\u2019esecuzione di obblighi derivanti dal contratto stesso e\/o per l\u2019esecuzione di prestazioni da Lei richieste prima della conclusione del contratto nonch\u00e9 per ottemperare ad obblighi di legge. Modalit\u00e0 per il trattamento dei dati I dati raccolti sono trattati [&hellip;]<\/p>\n","protected":false},"author":1,"featured_media":0,"parent":0,"menu_order":999,"comment_status":"closed","ping_status":"open","template":"","meta":{"_et_pb_use_builder":"on","_et_pb_old_content":"<script id=\"CookieDeclaration\" src=\"https:\/\/consent.cookiebot.com\/0e77f46d-f590-413a-bfcc-53e2f680fd6d\/cd.js\" type=\"text\/javascript\" async><\/script>","_et_gb_content_width":"","footnotes":""},"class_list":["post-987497394","page","type-page","status-publish","hentry"],"yoast_head":"<!-- This site is optimized with the Yoast SEO plugin v27.5 - https:\/\/yoast.com\/product\/yoast-seo-wordpress\/ -->\n<title>Privacy Policy - Toscanstucchi - Arte in opera<\/title>\n<meta name=\"robots\" content=\"noindex, nofollow\" \/>\n<meta property=\"og:locale\" content=\"en_US\" \/>\n<meta property=\"og:type\" content=\"article\" \/>\n<meta property=\"og:title\" content=\"Privacy Policy - Toscanstucchi - Arte in opera\" \/>\n<meta property=\"og:description\" content=\"Informativa privacy La presente informativa \u00e8 resa ai sensi dell\u2019art. 13 Regolamento UE 2016\/679 per la protezione dei dati personali. Il Titolare del trattamento \u00e8: A.S.F. enterprise s.r.l.53034 Colle di Val d\u2019Elsa (SI) Italialoc. Pian dell\u2019Olmino S.GiuliaTel\u00a0\u00a0+39 0577-929224 ( 2 l.r.a. )Fax. +39 0577-929154infoasf@asfenterprise.com &nbsp; Natura del conferimento Il conferimento dei dati \u00e8 facoltativo. Il rifiuto a fornire i dati comporta l\u2019impossibilit\u00e0 di essere ricontattati per le finalit\u00e0 sotto riportate. Il conferimento a fini di marketing \u00e8 facoltativo e non comporta l\u2019impossibilit\u00e0 di essere ricontattati per le altre finalit\u00e0. Finalit\u00e0 del trattamento e base giuridica esecuzione di obblighi derivanti da contratti stipulati con il Titolare e\/o adempimento, prima della conclusione del contratto, di specifiche richieste dell\u2019Interessato; adempimento di obblighi previsti dalla legge, da regolamenti o dalla normativa comunitaria; In merito alle finalit\u00e0 sub a) e b), La informiamo che il trattamento e la comunicazione dei Suoi dati personali da parte del Titolare non necessita del Suo consenso in quanto trattamento necessario per l\u2019esecuzione di obblighi derivanti dal contratto stesso e\/o per l\u2019esecuzione di prestazioni da Lei richieste prima della conclusione del contratto nonch\u00e9 per ottemperare ad obblighi di legge. Modalit\u00e0 per il trattamento dei dati I dati raccolti sono trattati [&hellip;]\" \/>\n<meta property=\"og:url\" content=\"https:\/\/asfenterprise.it\/en\/privacy-policy\/\" \/>\n<meta property=\"og:site_name\" content=\"Toscanstucchi - Arte in opera\" \/>\n<meta property=\"article:modified_time\" content=\"2022-11-14T17:55:55+00:00\" \/>\n<meta name=\"twitter:card\" content=\"summary_large_image\" \/>\n<meta name=\"twitter:label1\" content=\"Est. reading time\" \/>\n\t<meta name=\"twitter:data1\" content=\"3 minutes\" \/>\n<script type=\"application\/ld+json\" class=\"yoast-schema-graph\">{\"@context\":\"https:\\\/\\\/schema.org\",\"@graph\":[{\"@type\":\"WebPage\",\"@id\":\"https:\\\/\\\/asfenterprise.it\\\/en\\\/privacy-policy\\\/\",\"url\":\"https:\\\/\\\/asfenterprise.it\\\/en\\\/privacy-policy\\\/\",\"name\":\"Privacy Policy - Toscanstucchi - Arte in opera\",\"isPartOf\":{\"@id\":\"https:\\\/\\\/asfenterprise.it\\\/en\\\/#website\"},\"datePublished\":\"2022-06-15T08:54:25+00:00\",\"dateModified\":\"2022-11-14T17:55:55+00:00\",\"breadcrumb\":{\"@id\":\"https:\\\/\\\/asfenterprise.it\\\/en\\\/privacy-policy\\\/#breadcrumb\"},\"inLanguage\":\"en-US\",\"potentialAction\":[{\"@type\":\"ReadAction\",\"target\":[\"https:\\\/\\\/asfenterprise.it\\\/en\\\/privacy-policy\\\/\"]}]},{\"@type\":\"BreadcrumbList\",\"@id\":\"https:\\\/\\\/asfenterprise.it\\\/en\\\/privacy-policy\\\/#breadcrumb\",\"itemListElement\":[{\"@type\":\"ListItem\",\"position\":1,\"name\":\"Home\",\"item\":\"https:\\\/\\\/asfenterprise.it\\\/en\\\/\"},{\"@type\":\"ListItem\",\"position\":2,\"name\":\"Privacy Policy\"}]},{\"@type\":\"WebSite\",\"@id\":\"https:\\\/\\\/asfenterprise.it\\\/en\\\/#website\",\"url\":\"https:\\\/\\\/asfenterprise.it\\\/en\\\/\",\"name\":\"Toscanstucchi - Arte in opera\",\"description\":\"ASF Enterprise Srl\",\"publisher\":{\"@id\":\"https:\\\/\\\/asfenterprise.it\\\/en\\\/#organization\"},\"potentialAction\":[{\"@type\":\"SearchAction\",\"target\":{\"@type\":\"EntryPoint\",\"urlTemplate\":\"https:\\\/\\\/asfenterprise.it\\\/en\\\/?s={search_term_string}\"},\"query-input\":{\"@type\":\"PropertyValueSpecification\",\"valueRequired\":true,\"valueName\":\"search_term_string\"}}],\"inLanguage\":\"en-US\"},{\"@type\":\"Organization\",\"@id\":\"https:\\\/\\\/asfenterprise.it\\\/en\\\/#organization\",\"name\":\"A.S.F. Enterprise s.r.l.\",\"url\":\"https:\\\/\\\/asfenterprise.it\\\/en\\\/\",\"logo\":{\"@type\":\"ImageObject\",\"inLanguage\":\"en-US\",\"@id\":\"https:\\\/\\\/asfenterprise.it\\\/en\\\/#\\\/schema\\\/logo\\\/image\\\/\",\"url\":\"https:\\\/\\\/asfenterprise.it\\\/wp-content\\\/uploads\\\/2022\\\/06\\\/logo-dissolto3mob.png\",\"contentUrl\":\"https:\\\/\\\/asfenterprise.it\\\/wp-content\\\/uploads\\\/2022\\\/06\\\/logo-dissolto3mob.png\",\"width\":250,\"height\":250,\"caption\":\"A.S.F. Enterprise s.r.l.\"},\"image\":{\"@id\":\"https:\\\/\\\/asfenterprise.it\\\/en\\\/#\\\/schema\\\/logo\\\/image\\\/\"}}]}<\/script>\n<!-- \/ Yoast SEO plugin. -->","yoast_head_json":{"title":"Privacy Policy - Toscanstucchi - Arte in opera","robots":{"index":"noindex","follow":"nofollow"},"og_locale":"en_US","og_type":"article","og_title":"Privacy Policy - Toscanstucchi - Arte in opera","og_description":"Informativa privacy La presente informativa \u00e8 resa ai sensi dell\u2019art. 13 Regolamento UE 2016\/679 per la protezione dei dati personali. Il Titolare del trattamento \u00e8: A.S.F. enterprise s.r.l.53034 Colle di Val d\u2019Elsa (SI) Italialoc. Pian dell\u2019Olmino S.GiuliaTel\u00a0\u00a0+39 0577-929224 ( 2 l.r.a. )Fax. +39 0577-929154infoasf@asfenterprise.com &nbsp; Natura del conferimento Il conferimento dei dati \u00e8 facoltativo. Il rifiuto a fornire i dati comporta l\u2019impossibilit\u00e0 di essere ricontattati per le finalit\u00e0 sotto riportate. Il conferimento a fini di marketing \u00e8 facoltativo e non comporta l\u2019impossibilit\u00e0 di essere ricontattati per le altre finalit\u00e0. Finalit\u00e0 del trattamento e base giuridica esecuzione di obblighi derivanti da contratti stipulati con il Titolare e\/o adempimento, prima della conclusione del contratto, di specifiche richieste dell\u2019Interessato; adempimento di obblighi previsti dalla legge, da regolamenti o dalla normativa comunitaria; In merito alle finalit\u00e0 sub a) e b), La informiamo che il trattamento e la comunicazione dei Suoi dati personali da parte del Titolare non necessita del Suo consenso in quanto trattamento necessario per l\u2019esecuzione di obblighi derivanti dal contratto stesso e\/o per l\u2019esecuzione di prestazioni da Lei richieste prima della conclusione del contratto nonch\u00e9 per ottemperare ad obblighi di legge. Modalit\u00e0 per il trattamento dei dati I dati raccolti sono trattati [&hellip;]","og_url":"https:\/\/asfenterprise.it\/en\/privacy-policy\/","og_site_name":"Toscanstucchi - Arte in opera","article_modified_time":"2022-11-14T17:55:55+00:00","twitter_card":"summary_large_image","twitter_misc":{"Est. reading time":"3 minutes"},"schema":{"@context":"https:\/\/schema.org","@graph":[{"@type":"WebPage","@id":"https:\/\/asfenterprise.it\/en\/privacy-policy\/","url":"https:\/\/asfenterprise.it\/en\/privacy-policy\/","name":"Privacy Policy - Toscanstucchi - Arte in opera","isPartOf":{"@id":"https:\/\/asfenterprise.it\/en\/#website"},"datePublished":"2022-06-15T08:54:25+00:00","dateModified":"2022-11-14T17:55:55+00:00","breadcrumb":{"@id":"https:\/\/asfenterprise.it\/en\/privacy-policy\/#breadcrumb"},"inLanguage":"en-US","potentialAction":[{"@type":"ReadAction","target":["https:\/\/asfenterprise.it\/en\/privacy-policy\/"]}]},{"@type":"BreadcrumbList","@id":"https:\/\/asfenterprise.it\/en\/privacy-policy\/#breadcrumb","itemListElement":[{"@type":"ListItem","position":1,"name":"Home","item":"https:\/\/asfenterprise.it\/en\/"},{"@type":"ListItem","position":2,"name":"Privacy Policy"}]},{"@type":"WebSite","@id":"https:\/\/asfenterprise.it\/en\/#website","url":"https:\/\/asfenterprise.it\/en\/","name":"Toscanstucchi - Arte in opera","description":"ASF Enterprise Srl","publisher":{"@id":"https:\/\/asfenterprise.it\/en\/#organization"},"potentialAction":[{"@type":"SearchAction","target":{"@type":"EntryPoint","urlTemplate":"https:\/\/asfenterprise.it\/en\/?s={search_term_string}"},"query-input":{"@type":"PropertyValueSpecification","valueRequired":true,"valueName":"search_term_string"}}],"inLanguage":"en-US"},{"@type":"Organization","@id":"https:\/\/asfenterprise.it\/en\/#organization","name":"A.S.F. Enterprise s.r.l.","url":"https:\/\/asfenterprise.it\/en\/","logo":{"@type":"ImageObject","inLanguage":"en-US","@id":"https:\/\/asfenterprise.it\/en\/#\/schema\/logo\/image\/","url":"https:\/\/asfenterprise.it\/wp-content\/uploads\/2022\/06\/logo-dissolto3mob.png","contentUrl":"https:\/\/asfenterprise.it\/wp-content\/uploads\/2022\/06\/logo-dissolto3mob.png","width":250,"height":250,"caption":"A.S.F. Enterprise s.r.l."},"image":{"@id":"https:\/\/asfenterprise.it\/en\/#\/schema\/logo\/image\/"}}]}},"_links":{"self":[{"href":"https:\/\/asfenterprise.it\/en\/wp-json\/wp\/v2\/pages\/987497394","targetHints":{"allow":["GET"]}}],"collection":[{"href":"https:\/\/asfenterprise.it\/en\/wp-json\/wp\/v2\/pages"}],"about":[{"href":"https:\/\/asfenterprise.it\/en\/wp-json\/wp\/v2\/types\/page"}],"author":[{"embeddable":true,"href":"https:\/\/asfenterprise.it\/en\/wp-json\/wp\/v2\/users\/1"}],"replies":[{"embeddable":true,"href":"https:\/\/asfenterprise.it\/en\/wp-json\/wp\/v2\/comments?post=987497394"}],"version-history":[{"count":1,"href":"https:\/\/asfenterprise.it\/en\/wp-json\/wp\/v2\/pages\/987497394\/revisions"}],"predecessor-version":[{"id":987497442,"href":"https:\/\/asfenterprise.it\/en\/wp-json\/wp\/v2\/pages\/987497394\/revisions\/987497442"}],"wp:attachment":[{"href":"https:\/\/asfenterprise.it\/en\/wp-json\/wp\/v2\/media?parent=987497394"}],"curies":[{"name":"wp","href":"https:\/\/api.w.org\/{rel}","templated":true}]}}